{"id":154,"date":"2021-03-23T12:25:28","date_gmt":"2021-03-23T10:25:28","guid":{"rendered":"http:\/\/80.97.147.8\/wordpress\/?page_id=154"},"modified":"2023-09-20T11:21:27","modified_gmt":"2023-09-20T09:21:27","slug":"echipa","status":"publish","type":"page","link":"https:\/\/www.bibliotecaradio.ro\/?page_id=154","title":{"rendered":"Echipa"},"content":{"rendered":"\n<div class=\"wp-block-media-text alignwide is-stacked-on-mobile\" style=\"grid-template-columns:17% auto\"><figure class=\"wp-block-media-text__media\"><img loading=\"lazy\" decoding=\"async\" width=\"469\" height=\"640\" src=\"https:\/\/www.bibliotecaradio.ro\/wp-content\/uploads\/2021\/04\/Iarin_Pop-4.jpg\" alt=\"\" class=\"wp-image-341 size-full\"\/><\/figure><div class=\"wp-block-media-text__content\">\n<p class=\"has-normal-font-size\"><strong>Iarin Pop<\/strong><\/p>\n\n\n\n<p class=\"has-normal-font-size\">Bibliotecar<\/p>\n<\/div><\/div>\n\n\n\n<div class=\"wp-block-columns is-layout-flex wp-container-core-columns-is-layout-2 wp-block-columns-is-layout-flex\">\n<div class=\"wp-block-column is-layout-flow wp-block-column-is-layout-flow\" style=\"flex-basis:100%\">\n<div class=\"wp-block-columns is-layout-flex wp-container-core-columns-is-layout-1 wp-block-columns-is-layout-flex\">\n<div class=\"wp-block-column is-layout-flow wp-block-column-is-layout-flow\" style=\"flex-basis:100%\">\n<div class=\"wp-block-media-text alignwide is-stacked-on-mobile is-vertically-aligned-center\" style=\"grid-template-columns:16% auto\"><figure class=\"wp-block-media-text__media\"><img loading=\"lazy\" decoding=\"async\" width=\"1224\" height=\"1632\" src=\"https:\/\/www.bibliotecaradio.ro\/wp-content\/uploads\/2021\/09\/Anca-Docolin.jpg\" alt=\"\" class=\"wp-image-542 size-full\"\/><\/figure><div class=\"wp-block-media-text__content\">\n<p class=\"has-normal-font-size\"><strong>Anca Docolin<\/strong><\/p>\n\n\n\n<p>Bibliotecar<\/p>\n<\/div><\/div>\n<\/div>\n<\/div>\n\n\n\n<div class=\"wp-block-media-text alignwide is-stacked-on-mobile\" style=\"grid-template-columns:16% auto\"><figure class=\"wp-block-media-text__media\"><img loading=\"lazy\" decoding=\"async\" width=\"394\" height=\"599\" src=\"https:\/\/www.bibliotecaradio.ro\/wp-content\/uploads\/2021\/09\/18738569_1744986635518634_8366969019202597545_o.jpg\" alt=\"\" class=\"wp-image-535 size-full\"\/><\/figure><div class=\"wp-block-media-text__content\">\n<p class=\"has-normal-font-size\"><strong>Rodica Uif\u0103lean<\/strong><\/p>\n\n\n\n<p>Bibliotecar<\/p>\n\n\n\n<p><\/p>\n<\/div><\/div>\n\n\n\n<div class=\"wp-block-media-text alignwide is-stacked-on-mobile\" style=\"grid-template-columns:16% auto\"><figure class=\"wp-block-media-text__media\"><img loading=\"lazy\" decoding=\"async\" width=\"4608\" height=\"3456\" src=\"https:\/\/www.bibliotecaradio.ro\/wp-content\/uploads\/2021\/09\/DSCN8479.jpg\" alt=\"\" class=\"wp-image-537 size-full\"\/><\/figure><div class=\"wp-block-media-text__content\">\n<p class=\"has-normal-font-size\"><strong>Fabian R\u00f3bert-Don\u00e1t<\/strong><\/p>\n\n\n\n<p>Bibliotecar<\/p>\n<\/div><\/div>\n<\/div>\n<\/div>\n<div class=\"likebtn_container\" style=\"\"><!-- LikeBtn.com BEGIN --><span class=\"likebtn-wrapper\"  data-identifier=\"page_154\"  data-style=\"\"  data-unlike_allowed=\"\"  data-show_copyright=\"\"  data-item_url=\"https:\/\/www.bibliotecaradio.ro\/?page_id=154\"  data-item_title=\"Echipa\"  data-item_date=\"2021-03-23T12:25:28+02:00\"  data-engine=\"WordPress\"  data-plugin_v=\"2.6.55\"  data-event_handler=\"likebtn_eh\"  data-info_message=\"0\" ><\/span><!-- LikeBtn.com END --><\/div>","protected":false},"excerpt":{"rendered":"<p>Iarin Pop Bibliotecar Anca Docolin Bibliotecar Rodica Uif\u0103lean Bibliotecar Fabian R\u00f3bert-Don\u00e1t Bibliotecar<\/p>\n<div class=\"likebtn_container\" style=\"\"><!-- LikeBtn.com BEGIN --><span class=\"likebtn-wrapper\"  data-identifier=\"page_154\"  data-style=\"\"  data-unlike_allowed=\"\"  data-show_copyright=\"\"  data-item_url=\"https:\/\/www.bibliotecaradio.ro\/?page_id=154\"  data-item_title=\"Echipa\"  data-item_date=\"2021-03-23T12:25:28+02:00\"  data-engine=\"WordPress\"  data-plugin_v=\"2.6.55\"  data-event_handler=\"likebtn_eh\"  data-info_message=\"0\" ><\/span><!-- LikeBtn.com END --><\/div>","protected":false},"author":1,"featured_media":0,"parent":0,"menu_order":0,"comment_status":"closed","ping_status":"closed","template":"","meta":{"footnotes":""},"class_list":["post-154","page","type-page","status-publish","hentry"],"_links":{"self":[{"href":"https:\/\/www.bibliotecaradio.ro\/index.php?rest_route=\/wp\/v2\/pages\/154"}],"collection":[{"href":"https:\/\/www.bibliotecaradio.ro\/index.php?rest_route=\/wp\/v2\/pages"}],"about":[{"href":"https:\/\/www.bibliotecaradio.ro\/index.php?rest_route=\/wp\/v2\/types\/page"}],"author":[{"embeddable":true,"href":"https:\/\/www.bibliotecaradio.ro\/index.php?rest_route=\/wp\/v2\/users\/1"}],"replies":[{"embeddable":true,"href":"https:\/\/www.bibliotecaradio.ro\/index.php?rest_route=%2Fwp%2Fv2%2Fcomments&post=154"}],"version-history":[{"count":10,"href":"https:\/\/www.bibliotecaradio.ro\/index.php?rest_route=\/wp\/v2\/pages\/154\/revisions"}],"predecessor-version":[{"id":760,"href":"https:\/\/www.bibliotecaradio.ro\/index.php?rest_route=\/wp\/v2\/pages\/154\/revisions\/760"}],"wp:attachment":[{"href":"https:\/\/www.bibliotecaradio.ro\/index.php?rest_route=%2Fwp%2Fv2%2Fmedia&parent=154"}],"curies":[{"name":"wp","href":"https:\/\/api.w.org\/{rel}","templated":true}]}}