{"id":145,"date":"2021-03-26T16:31:38","date_gmt":"2021-03-26T14:31:38","guid":{"rendered":"http:\/\/80.97.147.8\/wordpress\/?page_id=145"},"modified":"2021-03-29T10:24:10","modified_gmt":"2021-03-29T08:24:10","slug":"privacy-policy","status":"publish","type":"page","link":"https:\/\/www.bibliotecaradio.ro\/?page_id=145","title":{"rendered":"Politica de cookie-uri"},"content":{"rendered":"\n<h2 class=\"wp-block-heading\"><\/h2>\n\n\n\n<p>\u00cen partea inferioar\u0103 a paginii noastre este afi\u0219at un mesaj care v\u0103 avertizeaz\u0103 c\u0103 acest site utilizeaz\u0103 cookie-uri. Acest mesaj va fi afi\u0219at p\u00e2n\u0103 c\u00e2nd accepta\u021bi utilizarea cookie-urilor pe site-ul nostru, f\u0103c\u00e2nd clic pe butonul corespunz\u0103tor.<\/p>\n\n\n\n<h3 class=\"wp-block-heading\">Cookie-urile \u0219i beneficiile acestora<\/h3>\n\n\n\n<p>La fel ca majoritatea site-urilor web, \u0219i pagina noastr\u0103 utilizeaz\u0103 cookie-uri. Cookie-urile sunt ni\u0219te fi\u0219iere text personalizate, care sunt desc\u0103rcate pe computer sau pe telefon atunci c\u00e2nd vizita\u021bi un site.<\/p>\n\n\n\n<p>Cookie-urile folosite de noi au urm\u0103toarele scopuri:<\/p>\n\n\n\n<ul class=\"wp-block-list\"><li>Ajut\u0103 ca pagina noastr\u0103 s\u0103 func\u021bioneze conform a\u0219tept\u0103rilor dvs.;<\/li><li>V\u0103 scutesc de repetarea procedurii de logare de fiecare dat\u0103 c\u00e2nd accesa\u021bi site-ul;<\/li><li>Re\u021bin set\u0103rile pe care le-a\u021bi efectuat \u00een timpul unei vizite;<\/li><li>\u00cembun\u0103t\u0103\u021besc viteza \/ securitatea site-ului;<\/li><li>V\u0103 permit s\u0103 partaja\u021bi pagini pe site-urile de social media, cum ar fi Facebook;<\/li><li>\u00cembun\u0103t\u0103\u021besc permanent site-ul web \u0219i u\u0219ureaz\u0103 folosirea lui.<\/li><\/ul>\n\n\n\n<p>Nu folosim cookie-uri \u00een urm\u0103toarele scopuri:<\/p>\n\n\n\n<ul class=\"wp-block-list\"><li>Colectarea oric\u0103rui tip de informa\u021bii de identificare personal\u0103 (f\u0103r\u0103 a cere explicit consim\u021b\u0103m\u00e2ntul dvs.);<\/li><li>Colectarea oric\u0103rui tip de informa\u021bii sensibile (f\u0103r\u0103 a cere explicit consim\u021b\u0103m\u00e2ntul dvs.);<\/li><li>Transmiterea informa\u021biilor c\u0103tre re\u021belele de publicitate;<\/li><li>Transmiterea informa\u021biilor personale unor ter\u021be p\u0103r\u021bi<\/li><\/ul>\n\n\n\n<h3 class=\"wp-block-heading\">\u00cen caz c\u0103 accepta\u021bi cookie-urile:<\/h3>\n\n\n\n<p>Dac\u0103 browser-ul pe care \u00eel utiliza\u021bi pentru a accesa acest site este setat s\u0103 accepte cookie-uri \u0219i decide\u021bi s\u0103 continua\u021bi utilizarea site-ul nostru, consider\u0103m c\u0103 a\u021bi fost de acord cu utilizarea cookie-urilor. Dac\u0103 nu dori\u021bi s\u0103 utiliza\u021bi cookie-urile, trebuie s\u0103 \u0219ti\u021bi c\u0103 \u00een acest caz este posibil ca site-ul nostru s\u0103 nu mai func\u021bioneze conform a\u0219tept\u0103rilor.<\/p>\n\n\n\n<h3 class=\"wp-block-heading\">Mai multe despre cookie-urile folosite de noi:<\/h3>\n\n\n\n<p>Folosim cookie-urile pentru func\u021bionarea paginii noaste, incluz\u00e2nd urm\u0103toarele:<\/p>\n\n\n\n<ul class=\"wp-block-list\"><li>Pentru a stabili dac\u0103 sunte\u021bi conectat;<\/li><li>Pentru a re\u021bine op\u021biunile de c\u0103utare;<\/li><li>Pentru a re\u021bine set\u0103rile de limb\u0103.<\/li><\/ul>\n\n\n\n<h3 class=\"wp-block-heading\">Cookie-urile folosite de re\u021belele de socializare:<\/h3>\n\n\n\n<p>Am inclus butoane de partajare pe site-ul nostru, pentru a v\u0103 permite s\u0103 da\u021bi &#8222;Like&#8221; sau s\u0103 distribui\u021bi cu u\u0219urin\u021b\u0103 con\u021binutul nostru pe Facebook, Twitter \u0219i alte re\u021bele similare. Implica\u021biile de securitate pentru aceste module cookie pot varia de la o re\u021bea social\u0103 la alta \u0219i vor depinde de set\u0103rile de securitate pe care le-a\u021bi ales pentru aceste re\u021bele.<\/p>\n\n\n\n<h3 class=\"wp-block-heading\">Cookie-urile pentru statisticile anonime ale utilizatorilor:<\/h3>\n\n\n\n<p>A\u0219a-numitele programe &#8222;analitice&#8221; ne spun, \u00eentr-o manier\u0103 anonim\u0103, cum au accesat utilizatorii site-ul nostru (de pe ce motor de c\u0103utare au ajuns aici), precum \u0219i dac\u0103 ne-au vizitat \u00eenainte, ceea ce ne ajut\u0103 s\u0103 \u00eembun\u0103t\u0103\u021bim \u00een mod permanent calitatea serviciilor noastre.<\/p>\n\n\n\n<h3 class=\"wp-block-heading\">Dezactivarea \u0219i \u0219tergerea cookie-urilor:<\/h3>\n\n\n\n<p>Pute\u021bi s\u0103 dezactiva\u021bi cookie-urile prin ajustarea set\u0103rilor din browser pentru a nu le mai accepta. Proced\u00e2nd astfel, ve\u021bi limita \u00eens\u0103 func\u021bionalitatea site-ului nostru, precum \u0219i func\u021bionarea altor pagini, av\u00e2nd \u00een vedere faptul c\u0103 folosirea cookie-urilor reprezint\u0103 o m\u0103sur\u0103 standard pentru majoritatea site-urilor moderne.<\/p>\n<div class=\"likebtn_container\" style=\"\"><!-- LikeBtn.com BEGIN --><span class=\"likebtn-wrapper\"  data-identifier=\"page_145\"  data-style=\"\"  data-unlike_allowed=\"\"  data-show_copyright=\"\"  data-item_url=\"https:\/\/www.bibliotecaradio.ro\/?page_id=145\"  data-item_title=\"Politica de cookie-uri\"  data-item_date=\"2021-03-26T16:31:38+02:00\"  data-engine=\"WordPress\"  data-plugin_v=\"2.6.55\"  data-event_handler=\"likebtn_eh\"  data-info_message=\"0\" ><\/span><!-- LikeBtn.com END --><\/div>","protected":false},"excerpt":{"rendered":"<p>\u00cen partea inferioar\u0103 a paginii noastre este afi\u0219at un mesaj care v\u0103 avertizeaz\u0103 c\u0103 acest site utilizeaz\u0103 cookie-uri. Acest mesaj va fi afi\u0219at p\u00e2n\u0103 c\u00e2nd accepta\u021bi utilizarea cookie-urilor pe site-ul<a href=\"https:\/\/www.bibliotecaradio.ro\/?page_id=145\" class=\"more-link\"><span class=\"readmore\">Continue reading<span class=\"screen-reader-text\">Politica de cookie-uri<\/span><\/span><\/a><\/p>\n<div class=\"likebtn_container\" style=\"\"><!-- LikeBtn.com BEGIN --><span class=\"likebtn-wrapper\"  data-identifier=\"page_145\"  data-style=\"\"  data-unlike_allowed=\"\"  data-show_copyright=\"\"  data-item_url=\"https:\/\/www.bibliotecaradio.ro\/?page_id=145\"  data-item_title=\"Politica de cookie-uri\"  data-item_date=\"2021-03-26T16:31:38+02:00\"  data-engine=\"WordPress\"  data-plugin_v=\"2.6.55\"  data-event_handler=\"likebtn_eh\"  data-info_message=\"0\" ><\/span><!-- LikeBtn.com END --><\/div>","protected":false},"author":1,"featured_media":0,"parent":0,"menu_order":0,"comment_status":"closed","ping_status":"closed","template":"","meta":{"footnotes":""},"class_list":["post-145","page","type-page","status-publish","hentry"],"_links":{"self":[{"href":"https:\/\/www.bibliotecaradio.ro\/index.php?rest_route=\/wp\/v2\/pages\/145"}],"collection":[{"href":"https:\/\/www.bibliotecaradio.ro\/index.php?rest_route=\/wp\/v2\/pages"}],"about":[{"href":"https:\/\/www.bibliotecaradio.ro\/index.php?rest_route=\/wp\/v2\/types\/page"}],"author":[{"embeddable":true,"href":"https:\/\/www.bibliotecaradio.ro\/index.php?rest_route=\/wp\/v2\/users\/1"}],"replies":[{"embeddable":true,"href":"https:\/\/www.bibliotecaradio.ro\/index.php?rest_route=%2Fwp%2Fv2%2Fcomments&post=145"}],"version-history":[{"count":2,"href":"https:\/\/www.bibliotecaradio.ro\/index.php?rest_route=\/wp\/v2\/pages\/145\/revisions"}],"predecessor-version":[{"id":296,"href":"https:\/\/www.bibliotecaradio.ro\/index.php?rest_route=\/wp\/v2\/pages\/145\/revisions\/296"}],"wp:attachment":[{"href":"https:\/\/www.bibliotecaradio.ro\/index.php?rest_route=%2Fwp%2Fv2%2Fmedia&parent=145"}],"curies":[{"name":"wp","href":"https:\/\/api.w.org\/{rel}","templated":true}]}}